{"id":395,"date":"2020-10-23T15:55:08","date_gmt":"2020-10-23T15:55:08","guid":{"rendered":"http:\/\/susannamalinowsky.at\/?page_id=395"},"modified":"2025-11-18T19:24:41","modified_gmt":"2025-11-18T19:24:41","slug":"verkaufte-vergebene-bilder","status":"publish","type":"page","link":"http:\/\/susannamalinowsky.at\/?page_id=395","title":{"rendered":"Verkaufte &#038; vergebene Bilder"},"content":{"rendered":"\n<h3>Auch wenn die folgenden Bilder schon verkauft sind, k\u00f6nnen Sie sie trotzdem noch per Druck erwerben! <\/h3>\n\n\n\n<p>Es freut mich bei einem lieben Freund Drucke meiner Malereien&nbsp; l\u00f6sungsmittelfrei anfertigen lassen zu k\u00f6nnen. Es wird eine limitierte Auflage geben und die Drucke werden signiert und nummeriert sein. Bis zum Originalformat sind alle Gr\u00f6\u00dfen m\u00f6glich und werden zwischen 70,00 und 200,00&nbsp;kosten.<\/p>\n\n\n\n<p>Bei Interesse bitte gew\u00fcnschtes Bild, Gr\u00f6\u00dfe und&nbsp; Adresse angeben und ich werde den gew\u00fcnschten Druck per Nachnahme nachsenden.&nbsp;<\/p>\n\n\n\n<figure class=\"wp-block-image size-large is-resized\"><img loading=\"lazy\" src=\"http:\/\/susannamalinowsky.at\/wp-content\/uploads\/2025\/11\/131_String-774x1024.jpg\" alt=\"\" class=\"wp-image-803\" width=\"361\" height=\"478\" srcset=\"http:\/\/susannamalinowsky.at\/wp-content\/uploads\/2025\/11\/131_String-774x1024.jpg 774w, http:\/\/susannamalinowsky.at\/wp-content\/uploads\/2025\/11\/131_String-227x300.jpg 227w, http:\/\/susannamalinowsky.at\/wp-content\/uploads\/2025\/11\/131_String-768x1015.jpg 768w, http:\/\/susannamalinowsky.at\/wp-content\/uploads\/2025\/11\/131_String-1162x1536.jpg 1162w, http:\/\/susannamalinowsky.at\/wp-content\/uploads\/2025\/11\/131_String-1549x2048.jpg 1549w, http:\/\/susannamalinowsky.at\/wp-content\/uploads\/2025\/11\/131_String-9x12.jpg 9w, http:\/\/susannamalinowsky.at\/wp-content\/uploads\/2025\/11\/131_String-45x60.jpg 45w, http:\/\/susannamalinowsky.at\/wp-content\/uploads\/2025\/11\/131_String-scaled.jpg 1936w\" sizes=\"(max-width: 361px) 100vw, 361px\" \/><figcaption> String &#8211; 2015 &#8211; 60&#215;80 &#8211; Acryl<\/figcaption><\/figure>\n\n\n\n<hr class=\"wp-block-separator\"\/>\n\n\n\n<div class=\"wp-block-image\"><figure class=\"aligncenter size-large\"><img loading=\"lazy\" width=\"359\" height=\"480\" src=\"http:\/\/susannamalinowsky.at\/wp-content\/uploads\/2024\/12\/IMG_1295.jpg\" alt=\"\" class=\"wp-image-776\" srcset=\"http:\/\/susannamalinowsky.at\/wp-content\/uploads\/2024\/12\/IMG_1295.jpg 359w, http:\/\/susannamalinowsky.at\/wp-content\/uploads\/2024\/12\/IMG_1295-224x300.jpg 224w, http:\/\/susannamalinowsky.at\/wp-content\/uploads\/2024\/12\/IMG_1295-9x12.jpg 9w, http:\/\/susannamalinowsky.at\/wp-content\/uploads\/2024\/12\/IMG_1295-45x60.jpg 45w\" sizes=\"(max-width: 359px) 100vw, 359px\" \/><figcaption>Kindheitserinnerungen &#8211; 2020 &#8211; 60&#215;80 &#8211; Acryl<\/figcaption><\/figure><\/div>\n\n\n\n<hr class=\"wp-block-separator\"\/>\n\n\n\n<div class=\"wp-block-image\"><figure class=\"aligncenter size-large is-resized\"><img loading=\"lazy\" src=\"http:\/\/susannamalinowsky.at\/wp-content\/uploads\/2020\/10\/164_Die_Maske-verkauft-klein.jpg\" alt=\"\" class=\"wp-image-209\" width=\"234\" height=\"493\" srcset=\"http:\/\/susannamalinowsky.at\/wp-content\/uploads\/2020\/10\/164_Die_Maske-verkauft-klein-142x300.jpg 142w, http:\/\/susannamalinowsky.at\/wp-content\/uploads\/2020\/10\/164_Die_Maske-verkauft-klein-28x60.jpg 28w\" sizes=\"(max-width: 234px) 100vw, 234px\" \/><figcaption>Die Maske &#8211; 2018 &#8211; 30x60cm &#8211; Acryl<\/figcaption><\/figure><\/div>\n\n\n\n<hr class=\"wp-block-separator\"\/>\n\n\n\n<div class=\"wp-block-image\"><figure class=\"aligncenter size-large\"><img loading=\"lazy\" width=\"624\" height=\"310\" src=\"http:\/\/susannamalinowsky.at\/wp-content\/uploads\/2021\/02\/Balloontrip-3-Copy.jpg\" alt=\"\" class=\"wp-image-652\" srcset=\"http:\/\/susannamalinowsky.at\/wp-content\/uploads\/2021\/02\/Balloontrip-3-Copy.jpg 624w, http:\/\/susannamalinowsky.at\/wp-content\/uploads\/2021\/02\/Balloontrip-3-Copy-300x149.jpg 300w, http:\/\/susannamalinowsky.at\/wp-content\/uploads\/2021\/02\/Balloontrip-3-Copy-16x8.jpg 16w, http:\/\/susannamalinowsky.at\/wp-content\/uploads\/2021\/02\/Balloontrip-3-Copy-121x60.jpg 121w\" sizes=\"(max-width: 624px) 100vw, 624px\" \/><figcaption>Ballonfahrt &#8211; 2017 &#8211; 100x50cm &#8211; Acryl<\/figcaption><\/figure><\/div>\n\n\n\n<hr class=\"wp-block-separator\"\/>\n\n\n\n<div class=\"wp-block-image\"><figure class=\"aligncenter size-large is-resized\"><img loading=\"lazy\" src=\"http:\/\/susannamalinowsky.at\/wp-content\/uploads\/2020\/10\/163_Mama-Copy-verkauft.jpg\" alt=\"\" class=\"wp-image-208\" width=\"342\" height=\"417\" srcset=\"http:\/\/susannamalinowsky.at\/wp-content\/uploads\/2020\/10\/163_Mama-Copy-verkauft.jpg 394w, http:\/\/susannamalinowsky.at\/wp-content\/uploads\/2020\/10\/163_Mama-Copy-verkauft-246x300.jpg 246w, http:\/\/susannamalinowsky.at\/wp-content\/uploads\/2020\/10\/163_Mama-Copy-verkauft-49x60.jpg 49w\" sizes=\"(max-width: 342px) 100vw, 342px\" \/><figcaption>Mama &#8211; 2017 &#8211; 40x50cm &#8211; Acryl <\/figcaption><\/figure><\/div>\n\n\n\n<hr class=\"wp-block-separator\"\/>\n\n\n\n<div class=\"wp-block-image\"><figure class=\"aligncenter size-large\"><img loading=\"lazy\" width=\"364\" height=\"480\" src=\"http:\/\/susannamalinowsky.at\/wp-content\/uploads\/2020\/10\/146_Papa-Copy-verkauft.jpg\" alt=\"\" class=\"wp-image-205\" srcset=\"http:\/\/susannamalinowsky.at\/wp-content\/uploads\/2020\/10\/146_Papa-Copy-verkauft.jpg 364w, http:\/\/susannamalinowsky.at\/wp-content\/uploads\/2020\/10\/146_Papa-Copy-verkauft-228x300.jpg 228w, http:\/\/susannamalinowsky.at\/wp-content\/uploads\/2020\/10\/146_Papa-Copy-verkauft-46x60.jpg 46w\" sizes=\"(max-width: 364px) 100vw, 364px\" \/><figcaption>Papa &#8211; 2016 &#8211; 60x80cm &#8211; Acryl <\/figcaption><\/figure><\/div>\n\n\n\n<hr class=\"wp-block-separator\"\/>\n\n\n\n<div class=\"wp-block-image\"><figure class=\"aligncenter size-large is-resized\"><img loading=\"lazy\" src=\"http:\/\/susannamalinowsky.at\/wp-content\/uploads\/2021\/02\/142_Howling_Wolf-Copy.jpg\" alt=\"\" class=\"wp-image-648\" width=\"364\" height=\"363\" srcset=\"http:\/\/susannamalinowsky.at\/wp-content\/uploads\/2021\/02\/142_Howling_Wolf-Copy.jpg 481w, http:\/\/susannamalinowsky.at\/wp-content\/uploads\/2021\/02\/142_Howling_Wolf-Copy-300x300.jpg 300w, http:\/\/susannamalinowsky.at\/wp-content\/uploads\/2021\/02\/142_Howling_Wolf-Copy-150x150.jpg 150w, http:\/\/susannamalinowsky.at\/wp-content\/uploads\/2021\/02\/142_Howling_Wolf-Copy-12x12.jpg 12w, http:\/\/susannamalinowsky.at\/wp-content\/uploads\/2021\/02\/142_Howling_Wolf-Copy-435x435.jpg 435w, http:\/\/susannamalinowsky.at\/wp-content\/uploads\/2021\/02\/142_Howling_Wolf-Copy-60x60.jpg 60w\" sizes=\"(max-width: 364px) 100vw, 364px\" \/><figcaption>Howling Wolf &#8211; 2016 &#8211; 60x60cm &#8211; Acryl<\/figcaption><\/figure><\/div>\n\n\n\n<hr class=\"wp-block-separator\"\/>\n\n\n\n<div class=\"wp-block-image\"><figure class=\"aligncenter size-large is-resized\"><img loading=\"lazy\" src=\"http:\/\/susannamalinowsky.at\/wp-content\/uploads\/2020\/10\/Blue-verkauft-klein.jpg\" alt=\"\" class=\"wp-image-211\" width=\"354\" height=\"469\"\/><figcaption>Blue &#8211; 2016 &#8211; 60x80cm &#8211; Acryl<\/figcaption><\/figure><\/div>\n\n\n\n<hr class=\"wp-block-separator\"\/>\n\n\n\n<div class=\"wp-block-image\"><figure class=\"aligncenter size-large is-resized\"><img loading=\"lazy\" src=\"http:\/\/susannamalinowsky.at\/wp-content\/uploads\/2020\/10\/144_Hidden_Seawhisper-verkauft.jpg\" alt=\"\" class=\"wp-image-204\" width=\"369\" height=\"372\" srcset=\"http:\/\/susannamalinowsky.at\/wp-content\/uploads\/2020\/10\/144_Hidden_Seawhisper-verkauft.jpg 477w, http:\/\/susannamalinowsky.at\/wp-content\/uploads\/2020\/10\/144_Hidden_Seawhisper-verkauft-298x300.jpg 298w, http:\/\/susannamalinowsky.at\/wp-content\/uploads\/2020\/10\/144_Hidden_Seawhisper-verkauft-150x150.jpg 150w, http:\/\/susannamalinowsky.at\/wp-content\/uploads\/2020\/10\/144_Hidden_Seawhisper-verkauft-60x60.jpg 60w\" sizes=\"(max-width: 369px) 100vw, 369px\" \/><figcaption>Verstecktes Meeresgefl\u00fcster &#8211; 2016 &#8211; 60x60cm &#8211; Acryl<\/figcaption><\/figure><\/div>\n\n\n\n<hr class=\"wp-block-separator\"\/>\n\n\n\n<div class=\"wp-block-image\"><figure class=\"aligncenter size-large is-resized\"><img loading=\"lazy\" src=\"http:\/\/susannamalinowsky.at\/wp-content\/uploads\/2020\/10\/121-Die-Eule-1024x768.jpg\" alt=\"\" class=\"wp-image-422\" width=\"446\" height=\"335\" srcset=\"http:\/\/susannamalinowsky.at\/wp-content\/uploads\/2020\/10\/121-Die-Eule-1024x768.jpg 1024w, http:\/\/susannamalinowsky.at\/wp-content\/uploads\/2020\/10\/121-Die-Eule-300x225.jpg 300w, http:\/\/susannamalinowsky.at\/wp-content\/uploads\/2020\/10\/121-Die-Eule-768x576.jpg 768w, http:\/\/susannamalinowsky.at\/wp-content\/uploads\/2020\/10\/121-Die-Eule-1536x1152.jpg 1536w, http:\/\/susannamalinowsky.at\/wp-content\/uploads\/2020\/10\/121-Die-Eule-16x12.jpg 16w, http:\/\/susannamalinowsky.at\/wp-content\/uploads\/2020\/10\/121-Die-Eule-80x60.jpg 80w, http:\/\/susannamalinowsky.at\/wp-content\/uploads\/2020\/10\/121-Die-Eule.jpg 2048w\" sizes=\"(max-width: 446px) 100vw, 446px\" \/><figcaption>Die weise Eule &#8211; 2014 &#8211; 50x40cm &#8211; Acryl<\/figcaption><\/figure><\/div>\n\n\n\n<hr class=\"wp-block-separator\"\/>\n\n\n\n<div class=\"wp-block-image\"><figure class=\"aligncenter size-large is-resized\"><img loading=\"lazy\" src=\"http:\/\/susannamalinowsky.at\/wp-content\/uploads\/2020\/10\/118-kuessende-Papageien-1024x768.jpg\" alt=\"\" class=\"wp-image-421\" width=\"537\" height=\"403\" srcset=\"http:\/\/susannamalinowsky.at\/wp-content\/uploads\/2020\/10\/118-kuessende-Papageien-1024x768.jpg 1024w, http:\/\/susannamalinowsky.at\/wp-content\/uploads\/2020\/10\/118-kuessende-Papageien-300x225.jpg 300w, http:\/\/susannamalinowsky.at\/wp-content\/uploads\/2020\/10\/118-kuessende-Papageien-768x576.jpg 768w, http:\/\/susannamalinowsky.at\/wp-content\/uploads\/2020\/10\/118-kuessende-Papageien-1536x1152.jpg 1536w, http:\/\/susannamalinowsky.at\/wp-content\/uploads\/2020\/10\/118-kuessende-Papageien-16x12.jpg 16w, http:\/\/susannamalinowsky.at\/wp-content\/uploads\/2020\/10\/118-kuessende-Papageien-80x60.jpg 80w, http:\/\/susannamalinowsky.at\/wp-content\/uploads\/2020\/10\/118-kuessende-Papageien.jpg 2048w\" sizes=\"(max-width: 537px) 100vw, 537px\" \/><figcaption>K\u00fcssende Papageien &#8211; 2013 &#8211; 80x60cm &#8211; Acryl<\/figcaption><\/figure><\/div>\n\n\n\n<hr class=\"wp-block-separator\"\/>\n\n\n\n<hr class=\"wp-block-separator\"\/>\n\n\n\n<div class=\"wp-block-image\"><figure class=\"aligncenter size-large is-resized\"><img loading=\"lazy\" src=\"http:\/\/susannamalinowsky.at\/wp-content\/uploads\/2020\/10\/102-Der-Leopard-1024x768.jpg\" alt=\"\" class=\"wp-image-419\" width=\"526\" height=\"395\" srcset=\"http:\/\/susannamalinowsky.at\/wp-content\/uploads\/2020\/10\/102-Der-Leopard-1024x768.jpg 1024w, http:\/\/susannamalinowsky.at\/wp-content\/uploads\/2020\/10\/102-Der-Leopard-300x225.jpg 300w, http:\/\/susannamalinowsky.at\/wp-content\/uploads\/2020\/10\/102-Der-Leopard-768x576.jpg 768w, http:\/\/susannamalinowsky.at\/wp-content\/uploads\/2020\/10\/102-Der-Leopard-1536x1152.jpg 1536w, http:\/\/susannamalinowsky.at\/wp-content\/uploads\/2020\/10\/102-Der-Leopard-16x12.jpg 16w, http:\/\/susannamalinowsky.at\/wp-content\/uploads\/2020\/10\/102-Der-Leopard-80x60.jpg 80w, http:\/\/susannamalinowsky.at\/wp-content\/uploads\/2020\/10\/102-Der-Leopard.jpg 2048w\" sizes=\"(max-width: 526px) 100vw, 526px\" \/><figcaption>Der Leopard &#8211; 2012 &#8211; 80x60cm &#8211; Acryl<\/figcaption><\/figure><\/div>\n\n\n\n<hr class=\"wp-block-separator\"\/>\n\n\n\n<div class=\"wp-block-image\"><figure class=\"aligncenter size-large is-resized\"><img loading=\"lazy\" src=\"http:\/\/susannamalinowsky.at\/wp-content\/uploads\/2020\/10\/101-Vertrauen-1024x768.jpg\" alt=\"\" class=\"wp-image-418\" width=\"572\" height=\"429\" srcset=\"http:\/\/susannamalinowsky.at\/wp-content\/uploads\/2020\/10\/101-Vertrauen-1024x768.jpg 1024w, http:\/\/susannamalinowsky.at\/wp-content\/uploads\/2020\/10\/101-Vertrauen-300x225.jpg 300w, http:\/\/susannamalinowsky.at\/wp-content\/uploads\/2020\/10\/101-Vertrauen-768x576.jpg 768w, http:\/\/susannamalinowsky.at\/wp-content\/uploads\/2020\/10\/101-Vertrauen-1536x1152.jpg 1536w, http:\/\/susannamalinowsky.at\/wp-content\/uploads\/2020\/10\/101-Vertrauen-16x12.jpg 16w, http:\/\/susannamalinowsky.at\/wp-content\/uploads\/2020\/10\/101-Vertrauen-80x60.jpg 80w, http:\/\/susannamalinowsky.at\/wp-content\/uploads\/2020\/10\/101-Vertrauen.jpg 2048w\" sizes=\"(max-width: 572px) 100vw, 572px\" \/><figcaption>Vertrauen &#8211; 2012 &#8211; 100x70cm &#8211; Acryl<\/figcaption><\/figure><\/div>\n\n\n\n<hr class=\"wp-block-separator\"\/>\n\n\n\n<div class=\"wp-block-image\"><figure class=\"aligncenter size-large is-resized\"><img loading=\"lazy\" src=\"http:\/\/susannamalinowsky.at\/wp-content\/uploads\/2020\/10\/84-Tiger-im-Schnee-1024x768.jpg\" alt=\"\" class=\"wp-image-416\" width=\"575\" height=\"431\" srcset=\"http:\/\/susannamalinowsky.at\/wp-content\/uploads\/2020\/10\/84-Tiger-im-Schnee-1024x768.jpg 1024w, http:\/\/susannamalinowsky.at\/wp-content\/uploads\/2020\/10\/84-Tiger-im-Schnee-300x225.jpg 300w, http:\/\/susannamalinowsky.at\/wp-content\/uploads\/2020\/10\/84-Tiger-im-Schnee-768x576.jpg 768w, http:\/\/susannamalinowsky.at\/wp-content\/uploads\/2020\/10\/84-Tiger-im-Schnee-1536x1152.jpg 1536w, http:\/\/susannamalinowsky.at\/wp-content\/uploads\/2020\/10\/84-Tiger-im-Schnee-2048x1536.jpg 2048w, http:\/\/susannamalinowsky.at\/wp-content\/uploads\/2020\/10\/84-Tiger-im-Schnee-16x12.jpg 16w, http:\/\/susannamalinowsky.at\/wp-content\/uploads\/2020\/10\/84-Tiger-im-Schnee-80x60.jpg 80w\" sizes=\"(max-width: 575px) 100vw, 575px\" \/><figcaption>Tiger im Schnee &#8211; 2011 &#8211; 100x80cm &#8211; Acryl<\/figcaption><\/figure><\/div>\n\n\n\n<hr class=\"wp-block-separator\"\/>\n\n\n\n<div class=\"wp-block-image\"><figure class=\"aligncenter size-large is-resized\"><img loading=\"lazy\" src=\"http:\/\/susannamalinowsky.at\/wp-content\/uploads\/2020\/10\/70-wilder-Stier-verkauft-klein.jpg\" alt=\"\" class=\"wp-image-202\" width=\"574\" height=\"431\" srcset=\"http:\/\/susannamalinowsky.at\/wp-content\/uploads\/2020\/10\/70-wilder-Stier-verkauft-klein.jpg 780w, http:\/\/susannamalinowsky.at\/wp-content\/uploads\/2020\/10\/70-wilder-Stier-verkauft-klein-300x225.jpg 300w, http:\/\/susannamalinowsky.at\/wp-content\/uploads\/2020\/10\/70-wilder-Stier-verkauft-klein-768x576.jpg 768w, http:\/\/susannamalinowsky.at\/wp-content\/uploads\/2020\/10\/70-wilder-Stier-verkauft-klein-80x60.jpg 80w\" sizes=\"(max-width: 574px) 100vw, 574px\" \/><figcaption>Wilder Stier &#8211; 2010 &#8211; 100x70cm &#8211; Acryl auf Leinen<\/figcaption><\/figure><\/div>\n\n\n\n<hr class=\"wp-block-separator\"\/>\n\n\n\n<div class=\"wp-block-image\"><figure class=\"aligncenter size-large is-resized\"><img loading=\"lazy\" src=\"http:\/\/susannamalinowsky.at\/wp-content\/uploads\/2020\/10\/69-rot-und-schwarz-verkauft-klein.jpg\" alt=\"\" class=\"wp-image-201\" width=\"367\" height=\"489\" srcset=\"http:\/\/susannamalinowsky.at\/wp-content\/uploads\/2020\/10\/69-rot-und-schwarz-verkauft-klein.jpg 585w, http:\/\/susannamalinowsky.at\/wp-content\/uploads\/2020\/10\/69-rot-und-schwarz-verkauft-klein-225x300.jpg 225w, http:\/\/susannamalinowsky.at\/wp-content\/uploads\/2020\/10\/69-rot-und-schwarz-verkauft-klein-45x60.jpg 45w\" sizes=\"(max-width: 367px) 100vw, 367px\" \/><figcaption>Rot und Schwarz &#8211; 2010 &#8211; 58x75cm &#8211; Acryl<\/figcaption><\/figure><\/div>\n\n\n\n<hr class=\"wp-block-separator\"\/>\n\n\n\n<div class=\"wp-block-image\"><figure class=\"aligncenter size-large is-resized\"><img loading=\"lazy\" src=\"http:\/\/susannamalinowsky.at\/wp-content\/uploads\/2020\/10\/81-die-Saxophonspielerin-768x1024.jpg\" alt=\"\" class=\"wp-image-415\" width=\"358\" height=\"476\" srcset=\"http:\/\/susannamalinowsky.at\/wp-content\/uploads\/2020\/10\/81-die-Saxophonspielerin-768x1024.jpg 768w, http:\/\/susannamalinowsky.at\/wp-content\/uploads\/2020\/10\/81-die-Saxophonspielerin-225x300.jpg 225w, http:\/\/susannamalinowsky.at\/wp-content\/uploads\/2020\/10\/81-die-Saxophonspielerin-1152x1536.jpg 1152w, http:\/\/susannamalinowsky.at\/wp-content\/uploads\/2020\/10\/81-die-Saxophonspielerin-1536x2048.jpg 1536w, http:\/\/susannamalinowsky.at\/wp-content\/uploads\/2020\/10\/81-die-Saxophonspielerin-9x12.jpg 9w, http:\/\/susannamalinowsky.at\/wp-content\/uploads\/2020\/10\/81-die-Saxophonspielerin-45x60.jpg 45w, http:\/\/susannamalinowsky.at\/wp-content\/uploads\/2020\/10\/81-die-Saxophonspielerin-scaled.jpg 1920w\" sizes=\"(max-width: 358px) 100vw, 358px\" \/><figcaption>Die Saxophonspielerin &#8211; 2010 &#8211; 50x70cm &#8211; Acryl<\/figcaption><\/figure><\/div>\n\n\n\n<hr class=\"wp-block-separator\"\/>\n\n\n\n<figure class=\"wp-block-image size-large is-resized\"><img loading=\"lazy\" src=\"http:\/\/susannamalinowsky.at\/wp-content\/uploads\/2022\/12\/143-Der-Hirsch-Copy.jpg\" alt=\"\" class=\"wp-image-728\" width=\"410\" height=\"412\" srcset=\"http:\/\/susannamalinowsky.at\/wp-content\/uploads\/2022\/12\/143-Der-Hirsch-Copy.jpg 478w, http:\/\/susannamalinowsky.at\/wp-content\/uploads\/2022\/12\/143-Der-Hirsch-Copy-300x300.jpg 300w, http:\/\/susannamalinowsky.at\/wp-content\/uploads\/2022\/12\/143-Der-Hirsch-Copy-150x150.jpg 150w, http:\/\/susannamalinowsky.at\/wp-content\/uploads\/2022\/12\/143-Der-Hirsch-Copy-12x12.jpg 12w, http:\/\/susannamalinowsky.at\/wp-content\/uploads\/2022\/12\/143-Der-Hirsch-Copy-60x60.jpg 60w\" sizes=\"(max-width: 410px) 100vw, 410px\" \/><figcaption>Der Hirsch &#8211; 2016 &#8211; 70x70cm &#8211; Acryl <\/figcaption><\/figure>\n\n\n\n<div style=\"height:100px\" aria-hidden=\"true\" class=\"wp-block-spacer\"><\/div>\n\n\n\n<p><\/p>\n","protected":false},"excerpt":{"rendered":"<p>Auch wenn die folgenden Bilder schon verkauft sind, k\u00f6nnen Sie sie trotzdem noch per Druck erwerben! Es freut mich bei einem lieben Freund Drucke meiner Malereien&nbsp; l\u00f6sungsmittelfrei anfertigen lassen zu k\u00f6nnen. Es wird eine limitierte Auflage geben und die Drucke werden signiert und nummeriert sein. Bis zum Originalformat sind alle Gr\u00f6\u00dfen m\u00f6glich und werden zwischen &hellip; <\/p>\n","protected":false},"author":1,"featured_media":0,"parent":0,"menu_order":0,"comment_status":"closed","ping_status":"closed","template":"","meta":[],"_links":{"self":[{"href":"http:\/\/susannamalinowsky.at\/index.php?rest_route=\/wp\/v2\/pages\/395"}],"collection":[{"href":"http:\/\/susannamalinowsky.at\/index.php?rest_route=\/wp\/v2\/pages"}],"about":[{"href":"http:\/\/susannamalinowsky.at\/index.php?rest_route=\/wp\/v2\/types\/page"}],"author":[{"embeddable":true,"href":"http:\/\/susannamalinowsky.at\/index.php?rest_route=\/wp\/v2\/users\/1"}],"replies":[{"embeddable":true,"href":"http:\/\/susannamalinowsky.at\/index.php?rest_route=%2Fwp%2Fv2%2Fcomments&post=395"}],"version-history":[{"count":25,"href":"http:\/\/susannamalinowsky.at\/index.php?rest_route=\/wp\/v2\/pages\/395\/revisions"}],"predecessor-version":[{"id":807,"href":"http:\/\/susannamalinowsky.at\/index.php?rest_route=\/wp\/v2\/pages\/395\/revisions\/807"}],"wp:attachment":[{"href":"http:\/\/susannamalinowsky.at\/index.php?rest_route=%2Fwp%2Fv2%2Fmedia&parent=395"}],"curies":[{"name":"wp","href":"https:\/\/api.w.org\/{rel}","templated":true}]}}